{"id":88,"date":"2023-04-25T19:43:16","date_gmt":"2023-04-25T17:43:16","guid":{"rendered":"https:\/\/www.foireauxvinsmusson.be\/index.php\/home\/"},"modified":"2025-10-16T17:25:09","modified_gmt":"2025-10-16T15:25:09","slug":"home","status":"publish","type":"page","link":"https:\/\/www.foireauxvinsmusson.be\/","title":{"rendered":"Foire aux vins de Musson"},"content":{"rendered":"\n<div class=\"wp-block-columns is-layout-flex wp-container-core-columns-is-layout-28f84493 wp-block-columns-is-layout-flex\">\n<div class=\"wp-block-column is-layout-flow wp-block-column-is-layout-flow\" style=\"flex-basis:33.33%\">\n<figure class=\"wp-block-image size-full\"><img fetchpriority=\"high\" decoding=\"async\" width=\"983\" height=\"673\" src=\"https:\/\/www.foireauxvinsmusson.be\/wp-content\/uploads\/2025\/09\/Foire-aux-vins-de-musson-Petite-2025.jpg\" alt=\"\" class=\"wp-image-533\" srcset=\"https:\/\/www.foireauxvinsmusson.be\/wp-content\/uploads\/2025\/09\/Foire-aux-vins-de-musson-Petite-2025.jpg 983w, https:\/\/www.foireauxvinsmusson.be\/wp-content\/uploads\/2025\/09\/Foire-aux-vins-de-musson-Petite-2025-300x205.jpg 300w, https:\/\/www.foireauxvinsmusson.be\/wp-content\/uploads\/2025\/09\/Foire-aux-vins-de-musson-Petite-2025-768x526.jpg 768w, https:\/\/www.foireauxvinsmusson.be\/wp-content\/uploads\/2025\/09\/Foire-aux-vins-de-musson-Petite-2025-600x411.jpg 600w\" sizes=\"(max-width: 983px) 100vw, 983px\" \/><\/figure>\n<\/div>\n\n\n\n<div class=\"wp-block-column is-layout-flow wp-block-column-is-layout-flow\" style=\"flex-basis:66.66%\">\n<div class=\"wp-block-group is-vertical is-content-justification-stretch is-layout-flex wp-container-core-group-is-layout-e9e70883 wp-block-group-is-layout-flex\">\n<div class=\"wp-block-group has-global-padding is-layout-constrained wp-block-group-is-layout-constrained\">\n<h2 class=\"wp-block-heading has-text-align-left\">17<sup>\u00e8me<\/sup>\u00e9dition<\/h2>\n\n\n\n<p>\ud83c\udf89 La Foire aux Vins revient pour sa 17\u1d49 \u00e9dition\u2026 et elle vous r\u00e9serve bien des surprises ! \ud83c\udf77\ud83e\uddc0<\/p>\n\n\n\n<p>Les 1 et 2 novembre 2025, la Maison du village de Signeulx se transforme \u00e0 nouveau en temple du bon go\u00fbt et de la convivialit\u00e9. Les r\u00e9gions viticoles embl\u00e9matiques seront bien s\u00fbr au rendez-vous, accompagn\u00e9es de leurs fid\u00e8les complices du terroir : foie gras, fromages, charcuteries\u2026 Mais cette ann\u00e9e, attendez-vous \u00e0 des nouveaut\u00e9s qui vont titiller vos papilles et \u00e9veiller votre curiosit\u00e9 !<\/p>\n\n\n\n<p><\/p>\n<\/div>\n<\/div>\n<\/div>\n<\/div>\n\n\n\n<p>\u2728 Des surprises vous attendent tout au long du week-end : nouvelles r\u00e9gions \u00e0 d\u00e9couvrir, animations in\u00e9dites, et une ambiance encore plus festive.<\/p>\n\n\n\n<p>\ud83d\udc76 Et pour que les parents puissent d\u00e9guster et \u00e9changer en toute s\u00e9r\u00e9nit\u00e9, une garderie \u00ab Les p\u2019tits BOB \u00bb accueillera vos enfants de 2 ans et demi \u00e0 12 ans, encadr\u00e9s par des professionnels bienveillants et enthousiastes. Pour plus de d\u00e9tails, rendez-vous sur notre page <a href=\"https:\/\/www.foireauxvinsmusson.be\/index.php\/home\/lesptitsbob\/\" data-type=\"page\" data-id=\"361\">Les p&rsquo;tits BOB<\/a>.<\/p>\n\n\n\n<p>\ud83e\udd42 Tarif d\u2019entr\u00e9e : 7\u20ac, avec un verre souvenir offert pour trinquer comme il se doit. \u23f0 <strong>Happy hour : profitez d\u2019un tarif r\u00e9duit \u00e0 5\u20ac<\/strong> !<\/p>\n\n\n\n<figure class=\"wp-block-image aligncenter size-medium\"><img decoding=\"async\" width=\"252\" height=\"300\" src=\"https:\/\/www.foireauxvinsmusson.be\/wp-content\/uploads\/2025\/10\/happyHour-252x300.png\" alt=\"\" class=\"wp-image-1087\" srcset=\"https:\/\/www.foireauxvinsmusson.be\/wp-content\/uploads\/2025\/10\/happyHour-252x300.png 252w, https:\/\/www.foireauxvinsmusson.be\/wp-content\/uploads\/2025\/10\/happyHour-600x716.png 600w, https:\/\/www.foireauxvinsmusson.be\/wp-content\/uploads\/2025\/10\/happyHour.png 696w\" sizes=\"(max-width: 252px) 100vw, 252px\" \/><\/figure>\n\n\n\n<p>Les vignerons et artisans vous accueilleront avec passion et bonne humeur. Venez nombreux partager ce moment unique, entre d\u00e9couvertes gustatives et rencontres&nbsp;authentiques.<\/p>\n\n\n\n<div class=\"wp-block-columns is-layout-flex wp-container-core-columns-is-layout-28f84493 wp-block-columns-is-layout-flex\">\n<div class=\"wp-block-column is-layout-flow wp-block-column-is-layout-flow\" style=\"flex-basis:66.66%\"><\/div>\n<\/div>\n\n\n\n<div class=\"wp-block-columns is-layout-flex wp-container-core-columns-is-layout-28f84493 wp-block-columns-is-layout-flex\">\n<div class=\"wp-block-column is-layout-flow wp-block-column-is-layout-flow\" style=\"flex-basis:66.66%\"><\/div>\n<\/div>\n\n\n\n<p><\/p>\n\n\n\n<p><\/p>\n\n\n\n<p><\/p>\n\n\n\n<p><\/p>\n\n\n\n<p><\/p>\n\n\n\n<p><\/p>\n\n\n\n<p><\/p>\n\n\n\n<p><\/p>\n\n\n\n<p><\/p>\n\n\n\n<p><\/p>\n\n\n\n<p><\/p>\n\n\n\n<p><\/p>\n\n\n\n<p><\/p>\n\n\n\n<p>.<\/p>\n\n\n\n<p><\/p>\n","protected":false},"excerpt":{"rendered":"<p>17\u00e8me\u00e9dition \ud83c\udf89 La Foire aux Vins revient pour sa 17\u1d49 \u00e9dition\u2026 et elle vous r\u00e9serve bien des surprises ! \ud83c\udf77\ud83e\uddc0 Les 1 et 2 novembre 2025, la Maison du village de Signeulx se transforme \u00e0 nouveau en temple du bon go\u00fbt et de la convivialit\u00e9. Les r\u00e9gions viticoles embl\u00e9matiques seront bien s\u00fbr au rendez-vous, accompagn\u00e9es [&hellip;]<\/p>\n","protected":false},"author":1,"featured_media":0,"parent":0,"menu_order":0,"comment_status":"closed","ping_status":"closed","template":"page-with-header-image","meta":{"footnotes":""},"class_list":["post-88","page","type-page","status-publish","hentry"],"featured_media_urls":[],"_links":{"self":[{"href":"https:\/\/www.foireauxvinsmusson.be\/index.php\/wp-json\/wp\/v2\/pages\/88","targetHints":{"allow":["GET"]}}],"collection":[{"href":"https:\/\/www.foireauxvinsmusson.be\/index.php\/wp-json\/wp\/v2\/pages"}],"about":[{"href":"https:\/\/www.foireauxvinsmusson.be\/index.php\/wp-json\/wp\/v2\/types\/page"}],"author":[{"embeddable":true,"href":"https:\/\/www.foireauxvinsmusson.be\/index.php\/wp-json\/wp\/v2\/users\/1"}],"replies":[{"embeddable":true,"href":"https:\/\/www.foireauxvinsmusson.be\/index.php\/wp-json\/wp\/v2\/comments?post=88"}],"version-history":[{"count":25,"href":"https:\/\/www.foireauxvinsmusson.be\/index.php\/wp-json\/wp\/v2\/pages\/88\/revisions"}],"predecessor-version":[{"id":1088,"href":"https:\/\/www.foireauxvinsmusson.be\/index.php\/wp-json\/wp\/v2\/pages\/88\/revisions\/1088"}],"wp:attachment":[{"href":"https:\/\/www.foireauxvinsmusson.be\/index.php\/wp-json\/wp\/v2\/media?parent=88"}],"curies":[{"name":"wp","href":"https:\/\/api.w.org\/{rel}","templated":true}]}}