{"id":8,"date":"2023-04-24T21:17:27","date_gmt":"2023-04-24T19:17:27","guid":{"rendered":"http:\/\/www.foireauxvinsmusson.be\/?page_id=8"},"modified":"2025-09-09T19:37:12","modified_gmt":"2025-09-09T17:37:12","slug":"contact","status":"publish","type":"page","link":"https:\/\/www.foireauxvinsmusson.be\/index.php\/home\/contact\/","title":{"rendered":"Contact &#038; acc\u00e8s"},"content":{"rendered":"\n<div class=\"wp-block-columns is-layout-flex wp-container-core-columns-is-layout-28f84493 wp-block-columns-is-layout-flex\">\n<div class=\"wp-block-column is-layout-flow wp-block-column-is-layout-flow\" style=\"flex-basis:33.33%\">\n<figure class=\"wp-block-image aligncenter size-full is-resized\"><img fetchpriority=\"high\" decoding=\"async\" width=\"700\" height=\"450\" src=\"https:\/\/www.foireauxvinsmusson.be\/wp-content\/uploads\/2023\/05\/salle-contact-1.jpg\" alt=\"\" class=\"wp-image-227\" style=\"width:326px;height:209px\" srcset=\"https:\/\/www.foireauxvinsmusson.be\/wp-content\/uploads\/2023\/05\/salle-contact-1.jpg 700w, https:\/\/www.foireauxvinsmusson.be\/wp-content\/uploads\/2023\/05\/salle-contact-1-300x193.jpg 300w, https:\/\/www.foireauxvinsmusson.be\/wp-content\/uploads\/2023\/05\/salle-contact-1-600x386.jpg 600w\" sizes=\"(max-width: 700px) 100vw, 700px\" \/><\/figure>\n<\/div>\n\n\n\n<div class=\"wp-block-column is-layout-flow wp-block-column-is-layout-flow\" style=\"flex-basis:66.66%\">\n<figure class=\"wp-block-table\">\n<table style=\"border: none;\">\n<tbody>\n<tr style=\"border: none;\">\n<td style=\"border: none;\">Organisation<\/td>\n<td style=\"border: none;\">Ecole Libre Guy de Larigaudie de Musson<\/td>\n<\/tr>\n<tr style=\"border: none;\">\n<td style=\"border: none;\">Responsable:<\/td>\n<td style=\"border: none;\">Pascal Joannes &#8211; Directeur<\/td>\n<\/tr>\n<tr style=\"border: none;\">\n<td style=\"border: none;\">Adresse :<\/td>\n<td style=\"border: none;\">Place Abb\u00e9 Goffinet 5, 6750 Musson<\/td>\n<\/tr>\n<tr style=\"border: none;\">\n<td style=\"border: none;\">T\u00e9l\u00e9phone:<\/td>\n<td style=\"border: none;\">+32 (0)63 67.51.65<\/td>\n<\/tr>\n<tr style=\"border: none;\">\n<td style=\"border: none;\">Contact pour la Foire aux vins:<\/td>\n<td style=\"border: none;\">+32 (0)498 63.63.17 &#8211; Vincent Gresse<\/td>\n<\/tr>\n<tr style=\"border: none;\">\n<td style=\"border: none;\">Adresse de l&rsquo;\u00e9v\u00e8nement :<\/td>\n<td style=\"border: none;\">Rue du 113\u00e8me R\u00e9giment d&rsquo;Infanterie Fran\u00e7aise &#8211; B-6750 Signeulx<\/td>\n<\/tr>\n<\/tbody>\n<\/table>\n<\/figure>\n<\/div>\n<\/div>\n\n\n<style id=\"wpforms-css-vars-root\">\n\t\t\t\t:root {\n\t\t\t\t\t--wpforms-field-border-radius: 3px;\n--wpforms-field-border-style: solid;\n--wpforms-field-border-size: 1px;\n--wpforms-field-background-color: #ffffff;\n--wpforms-field-border-color: rgba( 0, 0, 0, 0.25 );\n--wpforms-field-border-color-spare: rgba( 0, 0, 0, 0.25 );\n--wpforms-field-text-color: rgba( 0, 0, 0, 0.7 );\n--wpforms-field-menu-color: #ffffff;\n--wpforms-label-color: rgba( 0, 0, 0, 0.85 );\n--wpforms-label-sublabel-color: rgba( 0, 0, 0, 0.55 );\n--wpforms-label-error-color: #d63637;\n--wpforms-button-border-radius: 3px;\n--wpforms-button-border-style: none;\n--wpforms-button-border-size: 1px;\n--wpforms-button-background-color: #066aab;\n--wpforms-button-border-color: #066aab;\n--wpforms-button-text-color: #ffffff;\n--wpforms-page-break-color: #066aab;\n--wpforms-background-image: none;\n--wpforms-background-position: center center;\n--wpforms-background-repeat: no-repeat;\n--wpforms-background-size: cover;\n--wpforms-background-width: 100px;\n--wpforms-background-height: 100px;\n--wpforms-background-color: rgba( 0, 0, 0, 0 );\n--wpforms-background-url: none;\n--wpforms-container-padding: 0px;\n--wpforms-container-border-style: none;\n--wpforms-container-border-width: 1px;\n--wpforms-container-border-color: #000000;\n--wpforms-container-border-radius: 3px;\n--wpforms-field-size-input-height: 43px;\n--wpforms-field-size-input-spacing: 15px;\n--wpforms-field-size-font-size: 16px;\n--wpforms-field-size-line-height: 19px;\n--wpforms-field-size-padding-h: 14px;\n--wpforms-field-size-checkbox-size: 16px;\n--wpforms-field-size-sublabel-spacing: 5px;\n--wpforms-field-size-icon-size: 1;\n--wpforms-label-size-font-size: 16px;\n--wpforms-label-size-line-height: 19px;\n--wpforms-label-size-sublabel-font-size: 14px;\n--wpforms-label-size-sublabel-line-height: 17px;\n--wpforms-button-size-font-size: 17px;\n--wpforms-button-size-height: 41px;\n--wpforms-button-size-padding-h: 15px;\n--wpforms-button-size-margin-top: 10px;\n--wpforms-container-shadow-size-box-shadow: none;\n\n\t\t\t\t}\n\t\t\t<\/style><div class=\"wpforms-container wpforms-container-full wpforms-block wpforms-block-651f0d55-1bea-4b8a-b3af-9c03a33adab6 wpforms-render-modern\" id=\"wpforms-157\"><form id=\"wpforms-form-157\" class=\"wpforms-validate wpforms-form\" data-formid=\"157\" method=\"post\" enctype=\"multipart\/form-data\" action=\"\/index.php\/wp-json\/wp\/v2\/pages\/8\" data-token=\"afaa7da410aeb1bb0b872cdd3dae3836\" data-token-time=\"1778071266\"><noscript class=\"wpforms-error-noscript\">Veuillez activer JavaScript dans votre navigateur pour remplir ce formulaire.<\/noscript><div class=\"wpforms-hidden\" id=\"wpforms-error-noscript\">Veuillez activer JavaScript dans votre navigateur pour remplir ce formulaire.<\/div><div class=\"wpforms-field-container\"><div id=\"wpforms-157-field_0-container\" class=\"wpforms-field wpforms-field-name\" data-field-id=\"0\"><fieldset><legend class=\"wpforms-field-label\">Votre nom <span class=\"wpforms-required-label\" aria-hidden=\"true\">*<\/span><\/legend><div class=\"wpforms-field-row wpforms-field-large\"><div class=\"wpforms-field-row-block wpforms-first wpforms-one-half\"><input type=\"text\" id=\"wpforms-157-field_0\" class=\"wpforms-field-name-first wpforms-field-required\" name=\"wpforms[fields][0][first]\" placeholder=\"Pr\u00e9nom\" aria-errormessage=\"wpforms-157-field_0-error\" required><label for=\"wpforms-157-field_0\" class=\"wpforms-field-sublabel after wpforms-sublabel-hide\">Pr\u00e9nom<\/label><\/div><div class=\"wpforms-field-row-block wpforms-one-half\"><input type=\"text\" id=\"wpforms-157-field_0-last\" class=\"wpforms-field-name-last wpforms-field-required\" name=\"wpforms[fields][0][last]\" placeholder=\"Nom\" aria-errormessage=\"wpforms-157-field_0-last-error\" required><label for=\"wpforms-157-field_0-last\" class=\"wpforms-field-sublabel after wpforms-sublabel-hide\">Nom<\/label><\/div><\/div><\/fieldset><\/div><div id=\"wpforms-157-field_1-container\" class=\"wpforms-field wpforms-field-email\" data-field-id=\"1\"><label class=\"wpforms-field-label\" for=\"wpforms-157-field_1\">Votre adresse de messagerie <span class=\"wpforms-required-label\" aria-hidden=\"true\">*<\/span><\/label><input type=\"email\" id=\"wpforms-157-field_1\" class=\"wpforms-field-large wpforms-field-required\" name=\"wpforms[fields][1]\" spellcheck=\"false\" aria-errormessage=\"wpforms-157-field_1-error\" required><\/div><div id=\"wpforms-157-field_3-container\" class=\"wpforms-field wpforms-field-text\" data-field-id=\"3\"><label class=\"wpforms-field-label\" for=\"wpforms-157-field_3\">Objet <span class=\"wpforms-required-label\" aria-hidden=\"true\">*<\/span><\/label><input type=\"text\" id=\"wpforms-157-field_3\" class=\"wpforms-field-large wpforms-field-required\" name=\"wpforms[fields][3]\" aria-errormessage=\"wpforms-157-field_3-error\" required><\/div><div id=\"wpforms-157-field_2-container\" class=\"wpforms-field wpforms-field-textarea\" data-field-id=\"2\"><label class=\"wpforms-field-label\" for=\"wpforms-157-field_2\">Votre message <span class=\"wpforms-required-label\" aria-hidden=\"true\">*<\/span><\/label><textarea id=\"wpforms-157-field_2\" class=\"wpforms-field-medium wpforms-field-required\" name=\"wpforms[fields][2]\" aria-errormessage=\"wpforms-157-field_2-error\" required><\/textarea><\/div><\/div><!-- .wpforms-field-container --><div class=\"wpforms-field wpforms-field-hp\"><label for=\"wpforms-157-field-hp\" class=\"wpforms-field-label\">Phone<\/label><input type=\"text\" name=\"wpforms[hp]\" id=\"wpforms-157-field-hp\" class=\"wpforms-field-medium\"><\/div><div class=\"wpforms-recaptcha-container wpforms-is-recaptcha wpforms-is-recaptcha-type-v3\" ><input type=\"hidden\" name=\"wpforms[recaptcha]\" value=\"\"><\/div><div class=\"wpforms-submit-container\" ><input type=\"hidden\" name=\"wpforms[id]\" value=\"157\"><input type=\"hidden\" name=\"page_title\" value=\"\"><input type=\"hidden\" name=\"page_url\" value=\"https:\/\/www.foireauxvinsmusson.be\/index.php\/wp-json\/wp\/v2\/pages\/8\"><button type=\"submit\" name=\"wpforms[submit]\" id=\"wpforms-submit-157\" class=\"wpforms-submit\" data-alt-text=\"Envoi...\" data-submit-text=\"Envoyer\" aria-live=\"assertive\" value=\"wpforms-submit\">Envoyer<\/button><\/div><\/form><\/div>  <!-- .wpforms-container -->\n\n\n<h3 class=\"wp-block-heading\">Acc\u00e8s<\/h3>\n\n\n\n<p>A la Maison de Village \u00e0 Signeulx : Rue du 113\u00e8me R\u00e9giment d&rsquo;Infanterie Fran\u00e7aise &#8211; B-6750 Signeulx<\/p>\n","protected":false},"excerpt":{"rendered":"<p>Organisation Ecole Libre Guy de Larigaudie de Musson Responsable: Pascal Joannes &#8211; Directeur Adresse : Place Abb\u00e9 Goffinet 5, 6750 Musson T\u00e9l\u00e9phone: +32 (0)63 67.51.65 Contact pour la Foire aux vins: +32 (0)498 63.63.17 &#8211; Vincent Gresse Adresse de l&rsquo;\u00e9v\u00e8nement : Rue du 113\u00e8me R\u00e9giment d&rsquo;Infanterie Fran\u00e7aise &#8211; B-6750 Signeulx Acc\u00e8s A la Maison de [&hellip;]<\/p>\n","protected":false},"author":3,"featured_media":0,"parent":88,"menu_order":0,"comment_status":"closed","ping_status":"closed","template":"","meta":{"footnotes":""},"class_list":["post-8","page","type-page","status-publish","hentry"],"featured_media_urls":[],"_links":{"self":[{"href":"https:\/\/www.foireauxvinsmusson.be\/index.php\/wp-json\/wp\/v2\/pages\/8","targetHints":{"allow":["GET"]}}],"collection":[{"href":"https:\/\/www.foireauxvinsmusson.be\/index.php\/wp-json\/wp\/v2\/pages"}],"about":[{"href":"https:\/\/www.foireauxvinsmusson.be\/index.php\/wp-json\/wp\/v2\/types\/page"}],"author":[{"embeddable":true,"href":"https:\/\/www.foireauxvinsmusson.be\/index.php\/wp-json\/wp\/v2\/users\/3"}],"replies":[{"embeddable":true,"href":"https:\/\/www.foireauxvinsmusson.be\/index.php\/wp-json\/wp\/v2\/comments?post=8"}],"version-history":[{"count":14,"href":"https:\/\/www.foireauxvinsmusson.be\/index.php\/wp-json\/wp\/v2\/pages\/8\/revisions"}],"predecessor-version":[{"id":1045,"href":"https:\/\/www.foireauxvinsmusson.be\/index.php\/wp-json\/wp\/v2\/pages\/8\/revisions\/1045"}],"up":[{"embeddable":true,"href":"https:\/\/www.foireauxvinsmusson.be\/index.php\/wp-json\/wp\/v2\/pages\/88"}],"wp:attachment":[{"href":"https:\/\/www.foireauxvinsmusson.be\/index.php\/wp-json\/wp\/v2\/media?parent=8"}],"curies":[{"name":"wp","href":"https:\/\/api.w.org\/{rel}","templated":true}]}}