{"id":361,"date":"2023-10-03T16:43:12","date_gmt":"2023-10-03T14:43:12","guid":{"rendered":"https:\/\/www.foireauxvinsmusson.be\/?page_id=361"},"modified":"2025-10-09T17:40:35","modified_gmt":"2025-10-09T15:40:35","slug":"lesptitsbob","status":"publish","type":"page","link":"https:\/\/www.foireauxvinsmusson.be\/index.php\/home\/lesptitsbob\/","title":{"rendered":"\u00ab\u00a0Les p&rsquo;tits Bob\u00a0\u00bb"},"content":{"rendered":"\n<h2 class=\"wp-block-heading\">Garderie<\/h2>\n\n\n\n<div class=\"wp-block-columns is-layout-flex wp-container-core-columns-is-layout-28f84493 wp-block-columns-is-layout-flex\">\n<div class=\"wp-block-column is-layout-flow wp-block-column-is-layout-flow\">\n<p>Chers parents,<\/p>\n\n\n\n<p>pour vous permettre de d\u00e9guster et d\u2019\u00e9changer avec les vignerons, nous mettons en place une garderie \u00ab&nbsp;Les p\u2019tits BOB&nbsp;\u00bb encadr\u00e9e par des professionnels qui se feront un plaisir d\u2019accueillir vos enfants&nbsp;<strong>de deux ans et demi \u00e0 douze ans<\/strong>.<\/p>\n<\/div>\n<\/div>\n\n\n\n<p><\/p>\n\n\n\n<h4 class=\"wp-block-heading\">D\u00e9tails pratiques de la garderie :<\/h4>\n\n\n\n<p><strong>Horaires<\/strong><\/p>\n\n\n\n<p>Le samedi de 15h00 \u00e0 20h00 et le dimanche de 14h30 \u00e0 18h30.<\/p>\n\n\n\n<p><strong>Lieu<\/strong><\/p>\n\n\n\n<p>Notre garderie sera organis\u00e9e \u00e0 l&rsquo;\u00e9tage de la salle de d\u00e9gustation.<\/p>\n\n\n\n<p><strong>Acc\u00e8s<\/strong><\/p>\n\n\n\n<p>Nous accueillerons vos enfants moyennant une participation. Il vous sera demand\u00e9 de remplir une fiche de renseignements pour avoir vos coordonn\u00e9es t\u00e9l\u00e9phoniques.<\/p>\n\n\n\n<p><strong>Activit\u00e9s<\/strong><\/p>\n\n\n\n<p>Les activit\u00e9s sont pr\u00e9vues en fonction de l&rsquo;\u00e2ge : bricolage pour les plus jeunes et pour les grands, une grande aventure. <br>Cette ann\u00e9e, le th\u00e8me sera Vaiana, les \u00eeles mauriciennes&#8230;<br>Pour plus de renseignements, n&rsquo;h\u00e9sitez pas \u00e0 nous contacter.<\/p>\n\n\n\n<p><strong>Collations<\/strong><\/p>\n\n\n\n<p>Le samedi et le dimanche \u00e0 16h00, un go\u00fbter et une boisson seront propos\u00e9s \u00e0 votre enfant.<\/p>\n\n\n\n<p><strong>Encadrement et inscriptions<\/strong><\/p>\n\n\n\n<p>Des accueillantes qualifi\u00e9es s&rsquo;occuperont de vos enfants et seront accompagn\u00e9es par des jeunes gens enthousiastes.<\/p>\n\n\n\n<p><strong>Prix<\/strong><\/p>\n\n\n\n<p>Le prix de la garderie va d\u00e9pendre du nombre de vos enfants. Pour 1 enfant, 5 \u20ac, pour 2 enfants, 8 \u20ac, pour 3 enfants 10 \u20ac et ensuite 2 \u20ac par enfants.<\/p>\n\n\n\n<p><\/p>\n","protected":false},"excerpt":{"rendered":"<p>Garderie Chers parents, pour vous permettre de d\u00e9guster et d\u2019\u00e9changer avec les vignerons, nous mettons en place une garderie \u00ab&nbsp;Les p\u2019tits BOB&nbsp;\u00bb encadr\u00e9e par des professionnels qui se feront un plaisir d\u2019accueillir vos enfants&nbsp;de deux ans et demi \u00e0 douze ans. D\u00e9tails pratiques de la garderie : Horaires Le samedi de 15h00 \u00e0 20h00 et [&hellip;]<\/p>\n","protected":false},"author":3,"featured_media":0,"parent":88,"menu_order":0,"comment_status":"closed","ping_status":"closed","template":"","meta":{"footnotes":""},"class_list":["post-361","page","type-page","status-publish","hentry"],"featured_media_urls":[],"_links":{"self":[{"href":"https:\/\/www.foireauxvinsmusson.be\/index.php\/wp-json\/wp\/v2\/pages\/361","targetHints":{"allow":["GET"]}}],"collection":[{"href":"https:\/\/www.foireauxvinsmusson.be\/index.php\/wp-json\/wp\/v2\/pages"}],"about":[{"href":"https:\/\/www.foireauxvinsmusson.be\/index.php\/wp-json\/wp\/v2\/types\/page"}],"author":[{"embeddable":true,"href":"https:\/\/www.foireauxvinsmusson.be\/index.php\/wp-json\/wp\/v2\/users\/3"}],"replies":[{"embeddable":true,"href":"https:\/\/www.foireauxvinsmusson.be\/index.php\/wp-json\/wp\/v2\/comments?post=361"}],"version-history":[{"count":6,"href":"https:\/\/www.foireauxvinsmusson.be\/index.php\/wp-json\/wp\/v2\/pages\/361\/revisions"}],"predecessor-version":[{"id":1078,"href":"https:\/\/www.foireauxvinsmusson.be\/index.php\/wp-json\/wp\/v2\/pages\/361\/revisions\/1078"}],"up":[{"embeddable":true,"href":"https:\/\/www.foireauxvinsmusson.be\/index.php\/wp-json\/wp\/v2\/pages\/88"}],"wp:attachment":[{"href":"https:\/\/www.foireauxvinsmusson.be\/index.php\/wp-json\/wp\/v2\/media?parent=361"}],"curies":[{"name":"wp","href":"https:\/\/api.w.org\/{rel}","templated":true}]}}