{"id":128,"date":"2023-04-26T20:26:12","date_gmt":"2023-04-26T18:26:12","guid":{"rendered":"https:\/\/www.foireauxvinsmusson.be\/?page_id=128"},"modified":"2023-06-04T19:47:50","modified_gmt":"2023-06-04T17:47:50","slug":"produitsbouche","status":"publish","type":"page","link":"https:\/\/www.foireauxvinsmusson.be\/index.php\/home\/produitsbouche\/","title":{"rendered":"Produits de bouche"},"content":{"rendered":"\n<h2 class=\"wp-block-heading\">Foie gras et magret<\/h2>\n\n\n\n<p><strong>Propri\u00e9taire :<\/strong> Emmanuel Rondeau<br><strong>Description :<\/strong><br>Emmanuel Rondeau arrive de May-sur-Evre (Loire) pour vous pr\u00e9senter sa production de foie gras et magrets de canard de fabrication artisanale et sans conservateurs. Il s\u2019agit d\u2019une mati\u00e8re premi\u00e8re de qualit\u00e9 et d\u2019origine \u00ab France \u00bb, conditionn\u00e9s sous vide, et non en \u00ab verrine ou conserve \u00bb ce qui permet de garder toute les saveurs, et d\u2019y apporter une qualit\u00e9 exceptionnelle. <br>Tous les produits peuvent \u00eatre consomm\u00e9s pour les f\u00eates de fin d\u2019ann\u00e9e, ou \u00eatres congel\u00e9s gr\u00e2ce \u00e0 son emballage. <br>Un large choix de foie gras vous sera proposer : foie gras nature, figue, piments d\u2019Espelette, pain d\u2019\u00e9pice, ainsi que les magrets de canard s\u00e9ch\u00e9 et fum\u00e9.<br><strong>Site internet :<\/strong> <a href=\"https:\/\/www.facebook.com\/Rondeau49\/\" target=\"_blank\" rel=\"noreferrer noopener\">https:\/\/www.facebook.com\/Rondeau49\/<\/a><\/p>\n\n\n\n<div class=\"wp-block-group has-global-padding is-layout-constrained wp-block-group-is-layout-constrained\">\n<hr class=\"wp-block-separator has-alpha-channel-opacity is-style-wide\"\/>\n\n\n\n<h2 class=\"wp-block-heading\">Fromage et salaisons<\/h2>\n\n\n\n<p><strong>Propri\u00e9taire :<\/strong> Vincent Rossignon<br><strong>Description :<\/strong><br>Fromager r\u00e9gional pr\u00e9sentant des fromages d&rsquo;alpages et salaisons de Savoie.<\/p>\n<\/div>\n","protected":false},"excerpt":{"rendered":"<p>Foie gras et magret Propri\u00e9taire : Emmanuel RondeauDescription :Emmanuel Rondeau arrive de May-sur-Evre (Loire) pour vous pr\u00e9senter sa production de foie gras et magrets de canard de fabrication artisanale et sans conservateurs. Il s\u2019agit d\u2019une mati\u00e8re premi\u00e8re de qualit\u00e9 et d\u2019origine \u00ab France \u00bb, conditionn\u00e9s sous vide, et non en \u00ab verrine ou conserve \u00bb [&hellip;]<\/p>\n","protected":false},"author":2,"featured_media":0,"parent":88,"menu_order":0,"comment_status":"closed","ping_status":"closed","template":"","meta":{"footnotes":""},"class_list":["post-128","page","type-page","status-publish","hentry"],"featured_media_urls":[],"_links":{"self":[{"href":"https:\/\/www.foireauxvinsmusson.be\/index.php\/wp-json\/wp\/v2\/pages\/128","targetHints":{"allow":["GET"]}}],"collection":[{"href":"https:\/\/www.foireauxvinsmusson.be\/index.php\/wp-json\/wp\/v2\/pages"}],"about":[{"href":"https:\/\/www.foireauxvinsmusson.be\/index.php\/wp-json\/wp\/v2\/types\/page"}],"author":[{"embeddable":true,"href":"https:\/\/www.foireauxvinsmusson.be\/index.php\/wp-json\/wp\/v2\/users\/2"}],"replies":[{"embeddable":true,"href":"https:\/\/www.foireauxvinsmusson.be\/index.php\/wp-json\/wp\/v2\/comments?post=128"}],"version-history":[{"count":7,"href":"https:\/\/www.foireauxvinsmusson.be\/index.php\/wp-json\/wp\/v2\/pages\/128\/revisions"}],"predecessor-version":[{"id":220,"href":"https:\/\/www.foireauxvinsmusson.be\/index.php\/wp-json\/wp\/v2\/pages\/128\/revisions\/220"}],"up":[{"embeddable":true,"href":"https:\/\/www.foireauxvinsmusson.be\/index.php\/wp-json\/wp\/v2\/pages\/88"}],"wp:attachment":[{"href":"https:\/\/www.foireauxvinsmusson.be\/index.php\/wp-json\/wp\/v2\/media?parent=128"}],"curies":[{"name":"wp","href":"https:\/\/api.w.org\/{rel}","templated":true}]}}